{"id":102,"date":"2024-11-19T12:27:14","date_gmt":"2024-11-19T12:27:14","guid":{"rendered":"https:\/\/flixfr.buildupfast.com\/?page_id=102"},"modified":"2024-11-23T20:49:47","modified_gmt":"2024-11-23T20:49:47","slug":"flix-iptv-tutoriels-et-guides-diptv","status":"publish","type":"page","link":"https:\/\/flixfr.buildupfast.com\/de\/flix-iptv-tutoriels-et-guides-diptv\/","title":{"rendered":"Tutoriels et Guides d&rsquo;Installation &#8211; Installez Facilement Flix IPTV"},"content":{"rendered":"<div data-elementor-type=\"wp-page\" data-elementor-id=\"102\" class=\"elementor elementor-102\" data-elementor-post-type=\"page\">\n\t\t\t\t<div data-particle_enable=\"false\" data-particle-mobile-disabled=\"false\" class=\"elementor-element elementor-element-e7e6e19 e-flex e-con-boxed wpr-particle-no wpr-jarallax-no wpr-parallax-no wpr-sticky-section-no e-con e-parent\" data-id=\"e7e6e19\" data-element_type=\"container\">\n\t\t\t\t\t<div class=\"e-con-inner\">\n\t\t\t\t<div class=\"elementor-element elementor-element-cb60bd4 elementor-widget elementor-widget-elementskit-heading\" data-id=\"cb60bd4\" data-element_type=\"widget\" data-widget_type=\"elementskit-heading.default\">\n\t\t\t\t<div class=\"elementor-widget-container\">\n\t\t\t<div class=\"ekit-wid-con\" ><div class=\"ekit-heading elementskit-section-title-wraper text_center   ekit_heading_tablet-   ekit_heading_mobile-\"><h1 class=\"elementskit-section-subtitle\">\n\t\t\t\t\t\tInstallez Flix IPTV sur votre appareil\n\t\t\t\t\t<\/h1><h2 class=\"ekit-heading--title elementskit-section-title\">Guides pour installer <span><span><a href=\"https:\/\/flix-iptv.store\" title=\"Flix IPTV Abonnement\" style=\"text-decoration:none\" target=\"_blank\" rel=\"noopener\">Flix IPTV<\/a><\/span><\/span><\/h2>\t\t\t\t<div class='ekit-heading__description'>\n\t\t\t\t\t<p>L'installation de <a style=\"text-decoration: none;color: #222\" title=\"Flix IPTV Abonnement\" href=\"https:\/\/flix-iptv.store\" target=\"_blank\" rel=\"noopener\"><strong>Flix IPTV<\/strong><\/a> sur votre appareil est facile\u00a0! Suivez nos \u00e9tapes simples pour l'installer sur votre t\u00e9l\u00e9viseur intelligent, votre t\u00e9l\u00e9phone ou votre tablette et commencez \u00e0 diffuser votre contenu pr\u00e9f\u00e9r\u00e9 en quelques minutes.<\/p>\n\t\t\t\t<\/div>\n\t\t\t<\/div><\/div>\t\t<\/div>\n\t\t\t\t<\/div>\n\t\t<div data-particle_enable=\"false\" data-particle-mobile-disabled=\"false\" class=\"elementor-element elementor-element-558463a e-grid e-con-full wpr-particle-no wpr-jarallax-no wpr-parallax-no wpr-sticky-section-no e-con e-child\" data-id=\"558463a\" data-element_type=\"container\">\n\t\t<div data-particle_enable=\"false\" data-particle-mobile-disabled=\"false\" class=\"elementor-element elementor-element-1cac27d e-con-full e-flex wpr-particle-no wpr-jarallax-no wpr-parallax-no wpr-sticky-section-no e-con e-child\" data-id=\"1cac27d\" data-element_type=\"container\" data-settings=\"{&quot;background_background&quot;:&quot;classic&quot;}\">\n\t\t\t\t<div class=\"elementor-element elementor-element-0f7c08f elementor-position-top elementor-widget elementor-widget-image-box\" data-id=\"0f7c08f\" data-element_type=\"widget\" data-widget_type=\"image-box.default\">\n\t\t\t\t<div class=\"elementor-widget-container\">\n\t\t\t<div class=\"elementor-image-box-wrapper\"><figure class=\"elementor-image-box-img\"><img fetchpriority=\"high\" decoding=\"async\" width=\"1200\" height=\"354\" src=\"https:\/\/flixfr.buildupfast.com\/wp-content\/uploads\/2024\/11\/1200px-Amazon_Fire_TV_Stick_logo.png\" class=\"attachment-full size-full wp-image-413\" alt=\"\" srcset=\"https:\/\/flixfr.buildupfast.com\/wp-content\/uploads\/2024\/11\/1200px-Amazon_Fire_TV_Stick_logo.png 1200w, https:\/\/flixfr.buildupfast.com\/wp-content\/uploads\/2024\/11\/1200px-Amazon_Fire_TV_Stick_logo-300x89.png 300w, https:\/\/flixfr.buildupfast.com\/wp-content\/uploads\/2024\/11\/1200px-Amazon_Fire_TV_Stick_logo-1024x302.png 1024w, https:\/\/flixfr.buildupfast.com\/wp-content\/uploads\/2024\/11\/1200px-Amazon_Fire_TV_Stick_logo-768x227.png 768w\" sizes=\"(max-width: 1200px) 100vw, 1200px\" \/><\/figure><div class=\"elementor-image-box-content\"><h3 class=\"elementor-image-box-title\">Configuration sur Firestick<\/h3><p class=\"elementor-image-box-description\">D\u00e9couvrez le processus de configuration de Flix IPTV sur votre Firestick.<\/p><\/div><\/div>\t\t<\/div>\n\t\t\t\t<\/div>\n\t\t\t\t<div class=\"elementor-element elementor-element-20e3e22 elementor-align-center elementor-widget elementor-widget-elementskit-button\" data-id=\"20e3e22\" data-element_type=\"widget\" data-widget_type=\"elementskit-button.default\">\n\t\t\t\t<div class=\"elementor-widget-container\">\n\t\t\t<div class=\"ekit-wid-con\" >\t\t<div class=\"ekit-btn-wraper\">\n\t\t\t\t\t\t\t<a href=\"#\" class=\"elementskit-btn  whitespace--normal\" id=\"\">\n\t\t\t\t\tEn savoir plus\t\t\t\t<\/a>\n\t\t\t\t\t<\/div>\n        <\/div>\t\t<\/div>\n\t\t\t\t<\/div>\n\t\t\t\t<\/div>\n\t\t<div data-particle_enable=\"false\" data-particle-mobile-disabled=\"false\" class=\"elementor-element elementor-element-31c9452 e-con-full e-flex wpr-particle-no wpr-jarallax-no wpr-parallax-no wpr-sticky-section-no e-con e-child\" data-id=\"31c9452\" data-element_type=\"container\" data-settings=\"{&quot;background_background&quot;:&quot;classic&quot;}\">\n\t\t\t\t<div class=\"elementor-element elementor-element-cdd79fb elementor-position-top elementor-widget elementor-widget-image-box\" data-id=\"cdd79fb\" data-element_type=\"widget\" data-widget_type=\"image-box.default\">\n\t\t\t\t<div class=\"elementor-widget-container\">\n\t\t\t<div class=\"elementor-image-box-wrapper\"><figure class=\"elementor-image-box-img\"><img decoding=\"async\" width=\"2560\" height=\"391\" src=\"https:\/\/flixfr.buildupfast.com\/wp-content\/uploads\/2024\/11\/Android_logo_2019-2023.svg.png\" class=\"attachment-full size-full wp-image-414\" alt=\"\" srcset=\"https:\/\/flixfr.buildupfast.com\/wp-content\/uploads\/2024\/11\/Android_logo_2019-2023.svg.png 2560w, https:\/\/flixfr.buildupfast.com\/wp-content\/uploads\/2024\/11\/Android_logo_2019-2023.svg-300x46.png 300w, https:\/\/flixfr.buildupfast.com\/wp-content\/uploads\/2024\/11\/Android_logo_2019-2023.svg-1024x156.png 1024w, https:\/\/flixfr.buildupfast.com\/wp-content\/uploads\/2024\/11\/Android_logo_2019-2023.svg-768x117.png 768w, https:\/\/flixfr.buildupfast.com\/wp-content\/uploads\/2024\/11\/Android_logo_2019-2023.svg-1536x235.png 1536w, https:\/\/flixfr.buildupfast.com\/wp-content\/uploads\/2024\/11\/Android_logo_2019-2023.svg-2048x313.png 2048w\" sizes=\"(max-width: 2560px) 100vw, 2560px\" \/><\/figure><div class=\"elementor-image-box-content\"><h3 class=\"elementor-image-box-title\">Configuration sur Android<\/h3><p class=\"elementor-image-box-description\">D\u00e9couvrez le processus de configuration de Flix IPTV sur votre Android Devices .<\/p><\/div><\/div>\t\t<\/div>\n\t\t\t\t<\/div>\n\t\t\t\t<div class=\"elementor-element elementor-element-36f055c elementor-align-center elementor-widget elementor-widget-elementskit-button\" data-id=\"36f055c\" data-element_type=\"widget\" data-widget_type=\"elementskit-button.default\">\n\t\t\t\t<div class=\"elementor-widget-container\">\n\t\t\t<div class=\"ekit-wid-con\" >\t\t<div class=\"ekit-btn-wraper\">\n\t\t\t\t\t\t\t<a href=\"#\" class=\"elementskit-btn  whitespace--normal\" id=\"\">\n\t\t\t\t\tEn savoir plus\t\t\t\t<\/a>\n\t\t\t\t\t<\/div>\n        <\/div>\t\t<\/div>\n\t\t\t\t<\/div>\n\t\t\t\t<\/div>\n\t\t<div data-particle_enable=\"false\" data-particle-mobile-disabled=\"false\" class=\"elementor-element elementor-element-5070a59 e-con-full e-flex wpr-particle-no wpr-jarallax-no wpr-parallax-no wpr-sticky-section-no e-con e-child\" data-id=\"5070a59\" data-element_type=\"container\" data-settings=\"{&quot;background_background&quot;:&quot;classic&quot;}\">\n\t\t\t\t<div class=\"elementor-element elementor-element-220ee9c elementor-position-top elementor-widget elementor-widget-image-box\" data-id=\"220ee9c\" data-element_type=\"widget\" data-widget_type=\"image-box.default\">\n\t\t\t\t<div class=\"elementor-widget-container\">\n\t\t\t<div class=\"elementor-image-box-wrapper\"><figure class=\"elementor-image-box-img\"><img decoding=\"async\" width=\"2520\" height=\"1088\" src=\"https:\/\/flixfr.buildupfast.com\/wp-content\/uploads\/2024\/11\/Microsoft_Windows-Logo.wine_.png\" class=\"attachment-full size-full wp-image-416\" alt=\"\" srcset=\"https:\/\/flixfr.buildupfast.com\/wp-content\/uploads\/2024\/11\/Microsoft_Windows-Logo.wine_.png 2520w, https:\/\/flixfr.buildupfast.com\/wp-content\/uploads\/2024\/11\/Microsoft_Windows-Logo.wine_-300x130.png 300w, https:\/\/flixfr.buildupfast.com\/wp-content\/uploads\/2024\/11\/Microsoft_Windows-Logo.wine_-1024x442.png 1024w, https:\/\/flixfr.buildupfast.com\/wp-content\/uploads\/2024\/11\/Microsoft_Windows-Logo.wine_-768x332.png 768w, https:\/\/flixfr.buildupfast.com\/wp-content\/uploads\/2024\/11\/Microsoft_Windows-Logo.wine_-1536x663.png 1536w, https:\/\/flixfr.buildupfast.com\/wp-content\/uploads\/2024\/11\/Microsoft_Windows-Logo.wine_-2048x884.png 2048w\" sizes=\"(max-width: 2520px) 100vw, 2520px\" \/><\/figure><div class=\"elementor-image-box-content\"><h3 class=\"elementor-image-box-title\">Configuration sur Windows \/ MAC<\/h3><p class=\"elementor-image-box-description\">D\u00e9couvrez le processus de configuration de Flix IPTV sur votre Windows \/ MAC .<\/p><\/div><\/div>\t\t<\/div>\n\t\t\t\t<\/div>\n\t\t\t\t<div class=\"elementor-element elementor-element-fdf2bea elementor-align-center elementor-widget elementor-widget-elementskit-button\" data-id=\"fdf2bea\" data-element_type=\"widget\" data-widget_type=\"elementskit-button.default\">\n\t\t\t\t<div class=\"elementor-widget-container\">\n\t\t\t<div class=\"ekit-wid-con\" >\t\t<div class=\"ekit-btn-wraper\">\n\t\t\t\t\t\t\t<a href=\"#\" class=\"elementskit-btn  whitespace--normal\" id=\"\">\n\t\t\t\t\tEn savoir plus\t\t\t\t<\/a>\n\t\t\t\t\t<\/div>\n        <\/div>\t\t<\/div>\n\t\t\t\t<\/div>\n\t\t\t\t<\/div>\n\t\t<div data-particle_enable=\"false\" data-particle-mobile-disabled=\"false\" class=\"elementor-element elementor-element-84e92b0 e-con-full e-flex wpr-particle-no wpr-jarallax-no wpr-parallax-no wpr-sticky-section-no e-con e-child\" data-id=\"84e92b0\" data-element_type=\"container\" data-settings=\"{&quot;background_background&quot;:&quot;classic&quot;}\">\n\t\t\t\t<div class=\"elementor-element elementor-element-a65d695 elementor-position-top elementor-widget elementor-widget-image-box\" data-id=\"a65d695\" data-element_type=\"widget\" data-widget_type=\"image-box.default\">\n\t\t\t\t<div class=\"elementor-widget-container\">\n\t\t\t<div class=\"elementor-image-box-wrapper\"><figure class=\"elementor-image-box-img\"><img loading=\"lazy\" decoding=\"async\" width=\"384\" height=\"131\" src=\"https:\/\/flixfr.buildupfast.com\/wp-content\/uploads\/2024\/11\/images__2_-removebg-preview.png\" class=\"attachment-full size-full wp-image-418\" alt=\"\" srcset=\"https:\/\/flixfr.buildupfast.com\/wp-content\/uploads\/2024\/11\/images__2_-removebg-preview.png 384w, https:\/\/flixfr.buildupfast.com\/wp-content\/uploads\/2024\/11\/images__2_-removebg-preview-300x102.png 300w\" sizes=\"(max-width: 384px) 100vw, 384px\" \/><\/figure><div class=\"elementor-image-box-content\"><h3 class=\"elementor-image-box-title\">Configuration sur Les Appariels Apple<\/h3><p class=\"elementor-image-box-description\">D\u00e9couvrez le processus de configuration de Flix IPTV sur votre Apple Devices.<\/p><\/div><\/div>\t\t<\/div>\n\t\t\t\t<\/div>\n\t\t\t\t<div class=\"elementor-element elementor-element-9f9ab85 elementor-align-center elementor-widget elementor-widget-elementskit-button\" data-id=\"9f9ab85\" data-element_type=\"widget\" data-widget_type=\"elementskit-button.default\">\n\t\t\t\t<div class=\"elementor-widget-container\">\n\t\t\t<div class=\"ekit-wid-con\" >\t\t<div class=\"ekit-btn-wraper\">\n\t\t\t\t\t\t\t<a href=\"#\" class=\"elementskit-btn  whitespace--normal\" id=\"\">\n\t\t\t\t\tEn savoir plus\t\t\t\t<\/a>\n\t\t\t\t\t<\/div>\n        <\/div>\t\t<\/div>\n\t\t\t\t<\/div>\n\t\t\t\t<\/div>\n\t\t<div data-particle_enable=\"false\" data-particle-mobile-disabled=\"false\" class=\"elementor-element elementor-element-aa6a1e4 e-con-full e-flex wpr-particle-no wpr-jarallax-no wpr-parallax-no wpr-sticky-section-no e-con e-child\" data-id=\"aa6a1e4\" data-element_type=\"container\" data-settings=\"{&quot;background_background&quot;:&quot;classic&quot;}\">\n\t\t\t\t<div class=\"elementor-element elementor-element-8581493 elementor-position-top elementor-widget elementor-widget-image-box\" data-id=\"8581493\" data-element_type=\"widget\" data-widget_type=\"image-box.default\">\n\t\t\t\t<div class=\"elementor-widget-container\">\n\t\t\t<div class=\"elementor-image-box-wrapper\"><figure class=\"elementor-image-box-img\"><img loading=\"lazy\" decoding=\"async\" width=\"731\" height=\"295\" src=\"https:\/\/flixfr.buildupfast.com\/wp-content\/uploads\/2024\/11\/lg-smart-tv-removebg-preview.png\" class=\"attachment-full size-full wp-image-419\" alt=\"\" srcset=\"https:\/\/flixfr.buildupfast.com\/wp-content\/uploads\/2024\/11\/lg-smart-tv-removebg-preview.png 731w, https:\/\/flixfr.buildupfast.com\/wp-content\/uploads\/2024\/11\/lg-smart-tv-removebg-preview-300x121.png 300w\" sizes=\"(max-width: 731px) 100vw, 731px\" \/><\/figure><div class=\"elementor-image-box-content\"><h3 class=\"elementor-image-box-title\">Configuration sur Les Smart TV<\/h3><p class=\"elementor-image-box-description\">D\u00e9couvrez le processus de configuration de Flix IPTV sur votre Smart TV.<\/p><\/div><\/div>\t\t<\/div>\n\t\t\t\t<\/div>\n\t\t\t\t<div class=\"elementor-element elementor-element-88d924d elementor-align-center elementor-widget elementor-widget-elementskit-button\" data-id=\"88d924d\" data-element_type=\"widget\" data-widget_type=\"elementskit-button.default\">\n\t\t\t\t<div class=\"elementor-widget-container\">\n\t\t\t<div class=\"ekit-wid-con\" >\t\t<div class=\"ekit-btn-wraper\">\n\t\t\t\t\t\t\t<a href=\"#\" class=\"elementskit-btn  whitespace--normal\" id=\"\">\n\t\t\t\t\tEn savoir plus\t\t\t\t<\/a>\n\t\t\t\t\t<\/div>\n        <\/div>\t\t<\/div>\n\t\t\t\t<\/div>\n\t\t\t\t<\/div>\n\t\t<div data-particle_enable=\"false\" data-particle-mobile-disabled=\"false\" class=\"elementor-element elementor-element-e734f3c e-con-full e-flex wpr-particle-no wpr-jarallax-no wpr-parallax-no wpr-sticky-section-no e-con e-child\" data-id=\"e734f3c\" data-element_type=\"container\" data-settings=\"{&quot;background_background&quot;:&quot;classic&quot;}\">\n\t\t\t\t<div class=\"elementor-element elementor-element-719da50 elementor-position-top elementor-widget elementor-widget-image-box\" data-id=\"719da50\" data-element_type=\"widget\" data-widget_type=\"image-box.default\">\n\t\t\t\t<div class=\"elementor-widget-container\">\n\t\t\t<div class=\"elementor-image-box-wrapper\"><figure class=\"elementor-image-box-img\"><img loading=\"lazy\" decoding=\"async\" width=\"662\" height=\"574\" src=\"https:\/\/flixfr.buildupfast.com\/wp-content\/uploads\/2024\/11\/mag250.png\" class=\"attachment-full size-full wp-image-421\" alt=\"\" srcset=\"https:\/\/flixfr.buildupfast.com\/wp-content\/uploads\/2024\/11\/mag250.png 662w, https:\/\/flixfr.buildupfast.com\/wp-content\/uploads\/2024\/11\/mag250-300x260.png 300w\" sizes=\"(max-width: 662px) 100vw, 662px\" \/><\/figure><div class=\"elementor-image-box-content\"><h3 class=\"elementor-image-box-title\">Configuration sur Mag box<\/h3><p class=\"elementor-image-box-description\">D\u00e9couvrez le processus de configuration de Flix IPTV sur votre MAG box.<\/p><\/div><\/div>\t\t<\/div>\n\t\t\t\t<\/div>\n\t\t\t\t<div class=\"elementor-element elementor-element-ab2deed elementor-align-center elementor-widget elementor-widget-elementskit-button\" data-id=\"ab2deed\" data-element_type=\"widget\" data-widget_type=\"elementskit-button.default\">\n\t\t\t\t<div class=\"elementor-widget-container\">\n\t\t\t<div class=\"ekit-wid-con\" >\t\t<div class=\"ekit-btn-wraper\">\n\t\t\t\t\t\t\t<a href=\"#\" class=\"elementskit-btn  whitespace--normal\" id=\"\">\n\t\t\t\t\tEn savoir plus\t\t\t\t<\/a>\n\t\t\t\t\t<\/div>\n        <\/div>\t\t<\/div>\n\t\t\t\t<\/div>\n\t\t\t\t<\/div>\n\t\t<div data-particle_enable=\"false\" data-particle-mobile-disabled=\"false\" class=\"elementor-element elementor-element-142c489 e-con-full e-flex wpr-particle-no wpr-jarallax-no wpr-parallax-no wpr-sticky-section-no e-con e-child\" data-id=\"142c489\" data-element_type=\"container\" data-settings=\"{&quot;background_background&quot;:&quot;classic&quot;}\">\n\t\t\t\t<div class=\"elementor-element elementor-element-7b4c723 elementor-position-top elementor-widget elementor-widget-image-box\" data-id=\"7b4c723\" data-element_type=\"widget\" data-widget_type=\"image-box.default\">\n\t\t\t\t<div class=\"elementor-widget-container\">\n\t\t\t<div class=\"elementor-image-box-wrapper\"><figure class=\"elementor-image-box-img\"><img loading=\"lazy\" decoding=\"async\" width=\"650\" height=\"250\" src=\"https:\/\/flixfr.buildupfast.com\/wp-content\/uploads\/2024\/11\/687474703a2f2f6b6f64692e77696b692f696d616765732f342f34332f536964652d62792d736964652d6461726b2d7472616e73706172656e742e706e67.png\" class=\"attachment-full size-full wp-image-422\" alt=\"\" srcset=\"https:\/\/flixfr.buildupfast.com\/wp-content\/uploads\/2024\/11\/687474703a2f2f6b6f64692e77696b692f696d616765732f342f34332f536964652d62792d736964652d6461726b2d7472616e73706172656e742e706e67.png 650w, https:\/\/flixfr.buildupfast.com\/wp-content\/uploads\/2024\/11\/687474703a2f2f6b6f64692e77696b692f696d616765732f342f34332f536964652d62792d736964652d6461726b2d7472616e73706172656e742e706e67-300x115.png 300w\" sizes=\"(max-width: 650px) 100vw, 650px\" \/><\/figure><div class=\"elementor-image-box-content\"><h3 class=\"elementor-image-box-title\">Configuration sur Kodi TV OS<\/h3><p class=\"elementor-image-box-description\">D\u00e9couvrez le processus de configuration de Flix IPTV sur votre Kodi TV.<\/p><\/div><\/div>\t\t<\/div>\n\t\t\t\t<\/div>\n\t\t\t\t<div class=\"elementor-element elementor-element-1f192f1 elementor-align-center elementor-widget elementor-widget-elementskit-button\" data-id=\"1f192f1\" data-element_type=\"widget\" data-widget_type=\"elementskit-button.default\">\n\t\t\t\t<div class=\"elementor-widget-container\">\n\t\t\t<div class=\"ekit-wid-con\" >\t\t<div class=\"ekit-btn-wraper\">\n\t\t\t\t\t\t\t<a href=\"#\" class=\"elementskit-btn  whitespace--normal\" id=\"\">\n\t\t\t\t\tEn savoir plus\t\t\t\t<\/a>\n\t\t\t\t\t<\/div>\n        <\/div>\t\t<\/div>\n\t\t\t\t<\/div>\n\t\t\t\t<\/div>\n\t\t<div data-particle_enable=\"false\" data-particle-mobile-disabled=\"false\" class=\"elementor-element elementor-element-f339009 e-con-full e-flex wpr-particle-no wpr-jarallax-no wpr-parallax-no wpr-sticky-section-no e-con e-child\" data-id=\"f339009\" data-element_type=\"container\" data-settings=\"{&quot;background_background&quot;:&quot;classic&quot;}\">\n\t\t\t\t<div class=\"elementor-element elementor-element-651f1da elementor-position-top elementor-widget elementor-widget-image-box\" data-id=\"651f1da\" data-element_type=\"widget\" data-widget_type=\"image-box.default\">\n\t\t\t\t<div class=\"elementor-widget-container\">\n\t\t\t<div class=\"elementor-image-box-wrapper\"><figure class=\"elementor-image-box-img\"><img loading=\"lazy\" decoding=\"async\" width=\"814\" height=\"306\" src=\"https:\/\/flixfr.buildupfast.com\/wp-content\/uploads\/2024\/11\/infomir.png\" class=\"attachment-full size-full wp-image-423\" alt=\"\" srcset=\"https:\/\/flixfr.buildupfast.com\/wp-content\/uploads\/2024\/11\/infomir.png 814w, https:\/\/flixfr.buildupfast.com\/wp-content\/uploads\/2024\/11\/infomir-300x113.png 300w, https:\/\/flixfr.buildupfast.com\/wp-content\/uploads\/2024\/11\/infomir-768x289.png 768w\" sizes=\"(max-width: 814px) 100vw, 814px\" \/><\/figure><div class=\"elementor-image-box-content\"><h3 class=\"elementor-image-box-title\">Configuration sur Formuler Box<\/h3><p class=\"elementor-image-box-description\">D\u00e9couvrez le processus de configuration de Flix IPTV sur votre Formuler Box.<\/p><\/div><\/div>\t\t<\/div>\n\t\t\t\t<\/div>\n\t\t\t\t<div class=\"elementor-element elementor-element-2c88884 elementor-align-center elementor-widget elementor-widget-elementskit-button\" data-id=\"2c88884\" data-element_type=\"widget\" data-widget_type=\"elementskit-button.default\">\n\t\t\t\t<div class=\"elementor-widget-container\">\n\t\t\t<div class=\"ekit-wid-con\" >\t\t<div class=\"ekit-btn-wraper\">\n\t\t\t\t\t\t\t<a href=\"#\" class=\"elementskit-btn  whitespace--normal\" id=\"\">\n\t\t\t\t\tEn savoir plus\t\t\t\t<\/a>\n\t\t\t\t\t<\/div>\n        <\/div>\t\t<\/div>\n\t\t\t\t<\/div>\n\t\t\t\t<\/div>\n\t\t\t\t<\/div>\n\t\t\t\t\t<\/div>\n\t\t\t\t<\/div>\n\t\t\t\t<\/div>","protected":false},"excerpt":{"rendered":"<p>Installez Flix IPTV sur votre appareil Guides pour installer Flix IPTV L&rsquo;installation de Flix IPTV sur votre appareil est facile\u00a0! Suivez nos \u00e9tapes simples pour l&rsquo;installer sur votre t\u00e9l\u00e9viseur intelligent, votre t\u00e9l\u00e9phone ou votre tablette et commencez \u00e0 diffuser votre contenu pr\u00e9f\u00e9r\u00e9 en quelques minutes. Configuration sur Firestick D\u00e9couvrez le processus de configuration de Flix IPTV sur votre Firestick. En savoir plus Configuration sur Android D\u00e9couvrez le processus de configuration de Flix IPTV sur votre Android Devices . En savoir plus Configuration sur Windows \/ MAC D\u00e9couvrez le processus de configuration de Flix IPTV sur votre Windows \/ MAC . En savoir plus Configuration sur Les Appariels Apple D\u00e9couvrez le processus de configuration de Flix IPTV sur votre Apple Devices. En savoir plus Configuration sur Les Smart TV D\u00e9couvrez le processus de configuration de Flix IPTV sur votre Smart TV. En savoir plus Configuration sur Mag box D\u00e9couvrez le processus de configuration de Flix IPTV sur votre MAG box. En savoir plus Configuration sur Kodi TV OS D\u00e9couvrez le processus de configuration de Flix IPTV sur votre Kodi TV. En savoir plus Configuration sur Formuler Box D\u00e9couvrez le processus de configuration de Flix IPTV sur votre Formuler Box. En savoir plus<\/p>","protected":false},"author":1,"featured_media":0,"parent":0,"menu_order":0,"comment_status":"closed","ping_status":"closed","template":"elementor_header_footer","meta":{"site-sidebar-layout":"no-sidebar","site-content-layout":"","ast-site-content-layout":"full-width-container","site-content-style":"default","site-sidebar-style":"default","ast-global-header-display":"","ast-banner-title-visibility":"","ast-main-header-display":"","ast-hfb-above-header-display":"","ast-hfb-below-header-display":"","ast-hfb-mobile-header-display":"","site-post-title":"disabled","ast-breadcrumbs-content":"","ast-featured-img":"disabled","footer-sml-layout":"","ast-disable-related-posts":"","theme-transparent-header-meta":"","adv-header-id-meta":"","stick-header-meta":"","header-above-stick-meta":"","header-main-stick-meta":"","header-below-stick-meta":"","astra-migrate-meta-layouts":"default","ast-page-background-enabled":"default","ast-page-background-meta":{"desktop":{"background-color":"var(--ast-global-color-4)","background-image":"","background-repeat":"repeat","background-position":"center center","background-size":"auto","background-attachment":"scroll","background-type":"","background-media":"","overlay-type":"","overlay-color":"","overlay-opacity":"","overlay-gradient":""},"tablet":{"background-color":"","background-image":"","background-repeat":"repeat","background-position":"center center","background-size":"auto","background-attachment":"scroll","background-type":"","background-media":"","overlay-type":"","overlay-color":"","overlay-opacity":"","overlay-gradient":""},"mobile":{"background-color":"","background-image":"","background-repeat":"repeat","background-position":"center center","background-size":"auto","background-attachment":"scroll","background-type":"","background-media":"","overlay-type":"","overlay-color":"","overlay-opacity":"","overlay-gradient":""}},"ast-content-background-meta":{"desktop":{"background-color":"var(--ast-global-color-5)","background-image":"","background-repeat":"repeat","background-position":"center center","background-size":"auto","background-attachment":"scroll","background-type":"","background-media":"","overlay-type":"","overlay-color":"","overlay-opacity":"","overlay-gradient":""},"tablet":{"background-color":"var(--ast-global-color-5)","background-image":"","background-repeat":"repeat","background-position":"center center","background-size":"auto","background-attachment":"scroll","background-type":"","background-media":"","overlay-type":"","overlay-color":"","overlay-opacity":"","overlay-gradient":""},"mobile":{"background-color":"var(--ast-global-color-5)","background-image":"","background-repeat":"repeat","background-position":"center center","background-size":"auto","background-attachment":"scroll","background-type":"","background-media":"","overlay-type":"","overlay-color":"","overlay-opacity":"","overlay-gradient":""}},"footnotes":""},"class_list":["post-102","page","type-page","status-publish","hentry"],"_links":{"self":[{"href":"https:\/\/flixfr.buildupfast.com\/de\/wp-json\/wp\/v2\/pages\/102","targetHints":{"allow":["GET"]}}],"collection":[{"href":"https:\/\/flixfr.buildupfast.com\/de\/wp-json\/wp\/v2\/pages"}],"about":[{"href":"https:\/\/flixfr.buildupfast.com\/de\/wp-json\/wp\/v2\/types\/page"}],"author":[{"embeddable":true,"href":"https:\/\/flixfr.buildupfast.com\/de\/wp-json\/wp\/v2\/users\/1"}],"replies":[{"embeddable":true,"href":"https:\/\/flixfr.buildupfast.com\/de\/wp-json\/wp\/v2\/comments?post=102"}],"version-history":[{"count":26,"href":"https:\/\/flixfr.buildupfast.com\/de\/wp-json\/wp\/v2\/pages\/102\/revisions"}],"predecessor-version":[{"id":5106,"href":"https:\/\/flixfr.buildupfast.com\/de\/wp-json\/wp\/v2\/pages\/102\/revisions\/5106"}],"wp:attachment":[{"href":"https:\/\/flixfr.buildupfast.com\/de\/wp-json\/wp\/v2\/media?parent=102"}],"curies":[{"name":"wp","href":"https:\/\/api.w.org\/{rel}","templated":true}]}}