{"id":4601,"date":"2024-11-21T22:06:03","date_gmt":"2024-11-21T22:06:03","guid":{"rendered":"https:\/\/flixfr.buildupfast.com\/?page_id=4601"},"modified":"2024-11-23T20:43:53","modified_gmt":"2024-11-23T20:43:53","slug":"flix-iptv-a-propos-de-nous","status":"publish","type":"page","link":"https:\/\/flixfr.buildupfast.com\/de\/flix-iptv-a-propos-de-nous\/","title":{"rendered":"\u00c0 Propos de Nous &#8211; D\u00e9couvrez nos Services IPTV Exceptionnels"},"content":{"rendered":"<div data-elementor-type=\"wp-page\" data-elementor-id=\"4601\" class=\"elementor elementor-4601\" data-elementor-post-type=\"page\">\n\t\t\t\t<div data-particle_enable=\"false\" data-particle-mobile-disabled=\"false\" class=\"elementor-element elementor-element-bc45904 e-flex e-con-boxed wpr-particle-no wpr-jarallax-no wpr-parallax-no wpr-sticky-section-no e-con e-parent\" data-id=\"bc45904\" data-element_type=\"container\">\n\t\t\t\t\t<div class=\"e-con-inner\">\n\t\t\t\t<div class=\"elementor-element elementor-element-98aa08f elementor-widget elementor-widget-elementskit-heading\" data-id=\"98aa08f\" data-element_type=\"widget\" data-widget_type=\"elementskit-heading.default\">\n\t\t\t\t<div class=\"elementor-widget-container\">\n\t\t\t<div class=\"ekit-wid-con\" ><div class=\"ekit-heading elementskit-section-title-wraper text_center   ekit_heading_tablet-   ekit_heading_mobile-\"><h1 class=\"elementskit-section-subtitle\">\n\t\t\t\t\t\tD\u00e9couvrez Flix IPTV : Qui sommes-nous ?\n\t\t\t\t\t<\/h1><h2 class=\"ekit-heading--title elementskit-section-title\">\u00c0 propos de nous : <span><span><a href=\"https:\/\/flix-iptv.store\" title=\"Flix IPTV Abonnement\" style=\"text-decoration:none\" target=\"_blank\" rel=\"noopener\">Flix IPTV<\/a><\/span><\/span><\/h2>\t\t\t\t<div class='ekit-heading__description'>\n\t\t\t\t\t<p>Bienvenue chez <a style=\"text-decoration: none\" title=\"Flix IPTV Abonnement\" href=\"https:\/\/flix-iptv.store\" target=\"_blank\" rel=\"noopener\">Flix IPTV<\/a>, votre destination pour un streaming IPTV fluide et de qualit\u00e9. Profitez d\u2019une exp\u00e9rience de visionnage exceptionnelle adapt\u00e9e \u00e0 tous vos besoins.<\/p>\n\t\t\t\t<\/div>\n\t\t\t<\/div><\/div>\t\t<\/div>\n\t\t\t\t<\/div>\n\t\t<div data-particle_enable=\"false\" data-particle-mobile-disabled=\"false\" class=\"elementor-element elementor-element-9500cb6 e-con-full e-flex wpr-particle-no wpr-jarallax-no wpr-parallax-no wpr-sticky-section-no e-con e-child\" data-id=\"9500cb6\" data-element_type=\"container\" data-settings=\"{&quot;background_background&quot;:&quot;classic&quot;}\">\n\t\t<div data-particle_enable=\"false\" data-particle-mobile-disabled=\"false\" class=\"elementor-element elementor-element-ca06378 e-con-full e-flex wpr-particle-no wpr-jarallax-no wpr-parallax-no wpr-sticky-section-no e-con e-child\" data-id=\"ca06378\" data-element_type=\"container\">\n\t\t\t\t<div class=\"elementor-element elementor-element-9050719 elementor-widget elementor-widget-image\" data-id=\"9050719\" data-element_type=\"widget\" data-widget_type=\"image.default\">\n\t\t\t\t<div class=\"elementor-widget-container\">\n\t\t\t\t\t\t\t\t\t\t\t\t\t\t<a href=\"\/de\/#flix-iptv\">\n\t\t\t\t\t\t\t<img fetchpriority=\"high\" decoding=\"async\" width=\"800\" height=\"800\" src=\"https:\/\/flixfr.buildupfast.com\/wp-content\/uploads\/2024\/11\/www.flix-iptv.vip-6_resultat-1.webp\" class=\"elementor-animation-shrink attachment-large size-large wp-image-4930\" alt=\"\" srcset=\"https:\/\/flixfr.buildupfast.com\/wp-content\/uploads\/2024\/11\/www.flix-iptv.vip-6_resultat-1.webp 800w, https:\/\/flixfr.buildupfast.com\/wp-content\/uploads\/2024\/11\/www.flix-iptv.vip-6_resultat-1-300x300.webp 300w, https:\/\/flixfr.buildupfast.com\/wp-content\/uploads\/2024\/11\/www.flix-iptv.vip-6_resultat-1-150x150.webp 150w, https:\/\/flixfr.buildupfast.com\/wp-content\/uploads\/2024\/11\/www.flix-iptv.vip-6_resultat-1-768x768.webp 768w\" sizes=\"(max-width: 800px) 100vw, 800px\" \/>\t\t\t\t\t\t\t\t<\/a>\n\t\t\t\t\t\t\t\t\t\t\t\t\t<\/div>\n\t\t\t\t<\/div>\n\t\t\t\t<\/div>\n\t\t<div data-particle_enable=\"false\" data-particle-mobile-disabled=\"false\" class=\"elementor-element elementor-element-07b0b2b e-con-full e-flex wpr-particle-no wpr-jarallax-no wpr-parallax-no wpr-sticky-section-no e-con e-child\" data-id=\"07b0b2b\" data-element_type=\"container\">\n\t\t<div data-particle_enable=\"false\" data-particle-mobile-disabled=\"false\" class=\"elementor-element elementor-element-fc4350d e-con-full e-flex wpr-particle-no wpr-jarallax-no wpr-parallax-no wpr-sticky-section-no e-con e-child\" data-id=\"fc4350d\" data-element_type=\"container\">\n\t\t\t\t<div class=\"elementor-element elementor-element-ba46de8 elementor-widget elementor-widget-elementskit-heading\" data-id=\"ba46de8\" data-element_type=\"widget\" data-widget_type=\"elementskit-heading.default\">\n\t\t\t\t<div class=\"elementor-widget-container\">\n\t\t\t<div class=\"ekit-wid-con\" ><div class=\"ekit-heading elementskit-section-title-wraper text_left   ekit_heading_tablet-   ekit_heading_mobile-\"><h2 class=\"elementskit-section-subtitle  elementskit-style-border\">\n\t\t\t\t\t\tQui sommes-nous ?\n\t\t\t\t\t<\/h2><h3 class=\"ekit-heading--title elementskit-section-title\"><a href=\"https:\/\/flix-iptv.store\" title=\"Flix IPTV Abonnement\" style=\"text-decoration:none\" target=\"_blank\" rel=\"noopener\">Flix IPTV<\/a> : R\u00e9inventez votre fa\u00e7on de regarder la t\u00e9l\u00e9vision<\/h3>\t\t\t\t<div class='ekit-heading__description'>\n\t\t\t\t\t<p><a style=\"text-decoration: none\" title=\"Flix IPTV Abonnement\" href=\"https:\/\/flix-iptv.store\" target=\"_blank\" rel=\"noopener\">Flix IPTV<\/a>, cr\u00e9\u00e9 en 2018 par des passionn\u00e9s de divertissement, offre des services IPTV de qualit\u00e9 exceptionnelle \u00e0 des clients dans le monde entier. Avec plus de 100 000 abonn\u00e9s satisfaits, nous proposons des flux fiables pour la t\u00e9l\u00e9vision en direct, des catalogues \u00e0 la demande et du contenu international sur tous vos appareils connect\u00e9s.<\/p>\n<p>Notre mission : rendre l\u2019abonnement IPTV accessible, simple et personnalis\u00e9 gr\u00e2ce aux derni\u00e8res technologies de streaming. <a style=\"text-decoration: none\" title=\"Flix IPTV Abonnement\" href=\"https:\/\/flix-iptv.store\" target=\"_blank\" rel=\"noopener\">Flix IPTV<\/a>, la solution id\u00e9ale pour une exp\u00e9rience t\u00e9l\u00e9visuelle unique et abordable.<\/p>\n\t\t\t\t<\/div>\n\t\t\t<\/div><\/div>\t\t<\/div>\n\t\t\t\t<\/div>\n\t\t\t\t<\/div>\n\t\t<div data-particle_enable=\"false\" data-particle-mobile-disabled=\"false\" class=\"elementor-element elementor-element-8a19719 e-con-full e-flex wpr-particle-no wpr-jarallax-no wpr-parallax-no wpr-sticky-section-no e-con e-child\" data-id=\"8a19719\" data-element_type=\"container\">\n\t\t\t\t<div class=\"elementor-element elementor-element-87b0c16 elementor-align-center elementor-widget elementor-widget-elementskit-button\" data-id=\"87b0c16\" data-element_type=\"widget\" data-widget_type=\"elementskit-button.default\">\n\t\t\t\t<div class=\"elementor-widget-container\">\n\t\t\t<div class=\"ekit-wid-con\" >\t\t<div class=\"ekit-btn-wraper\">\n\t\t\t\t\t\t\t<a href=\"https:\/\/flixfr.buildupfast.com\/de\/flix-iptv\/\" class=\"elementskit-btn  whitespace--normal\" id=\"\">\n\t\t\t\t\tD\u00e9couvrez nos tarifs\t\t\t\t<\/a>\n\t\t\t\t\t<\/div>\n        <\/div>\t\t<\/div>\n\t\t\t\t<\/div>\n\t\t\t\t<\/div>\n\t\t\t\t<\/div>\n\t\t\t\t<\/div>\n\t\t\t\t\t<\/div>\n\t\t\t\t<\/div>\n\t\t<div data-particle_enable=\"false\" data-particle-mobile-disabled=\"false\" class=\"elementor-element elementor-element-98c2536 e-flex e-con-boxed wpr-particle-no wpr-jarallax-no wpr-parallax-no wpr-sticky-section-no e-con e-parent\" data-id=\"98c2536\" data-element_type=\"container\">\n\t\t\t\t\t<div class=\"e-con-inner\">\n\t\t<div data-particle_enable=\"false\" data-particle-mobile-disabled=\"false\" class=\"elementor-element elementor-element-e2bc09f e-con-full e-flex wpr-particle-no wpr-jarallax-no wpr-parallax-no wpr-sticky-section-no e-con e-child\" data-id=\"e2bc09f\" data-element_type=\"container\" data-settings=\"{&quot;background_background&quot;:&quot;gradient&quot;}\">\n\t\t\t\t<div class=\"elementor-element elementor-element-d820f54 elementor-widget elementor-widget-elementskit-heading\" data-id=\"d820f54\" data-element_type=\"widget\" data-widget_type=\"elementskit-heading.default\">\n\t\t\t\t<div class=\"elementor-widget-container\">\n\t\t\t<div class=\"ekit-wid-con\" ><div class=\"ekit-heading elementskit-section-title-wraper text_center   ekit_heading_tablet-   ekit_heading_mobile-\"><div class=\"ekit-heading--title elementskit-section-title\">Rejoignez plus de 100,000 clients satisfaits.<\/div><\/div><\/div>\t\t<\/div>\n\t\t\t\t<\/div>\n\t\t<div data-particle_enable=\"false\" data-particle-mobile-disabled=\"false\" class=\"elementor-element elementor-element-6c834aa e-grid e-con-full wpr-particle-no wpr-jarallax-no wpr-parallax-no wpr-sticky-section-no e-con e-child\" data-id=\"6c834aa\" data-element_type=\"container\">\n\t\t\t\t<div class=\"elementor-element elementor-element-5a9f5dd elementor-widget elementor-widget-image\" data-id=\"5a9f5dd\" data-element_type=\"widget\" data-widget_type=\"image.default\">\n\t\t\t\t<div class=\"elementor-widget-container\">\n\t\t\t\t\t\t\t\t\t\t\t\t\t<img decoding=\"async\" width=\"272\" height=\"120\" src=\"https:\/\/flixfr.buildupfast.com\/wp-content\/uploads\/2024\/11\/iOS-Symbol.png-1.webp\" class=\"attachment-large size-large wp-image-4949\" alt=\"\" \/>\t\t\t\t\t\t\t\t\t\t\t\t\t<\/div>\n\t\t\t\t<\/div>\n\t\t\t\t<div class=\"elementor-element elementor-element-4efceef elementor-widget elementor-widget-image\" data-id=\"4efceef\" data-element_type=\"widget\" data-widget_type=\"image.default\">\n\t\t\t\t<div class=\"elementor-widget-container\">\n\t\t\t\t\t\t\t\t\t\t\t\t\t<img decoding=\"async\" width=\"137\" height=\"120\" src=\"https:\/\/flixfr.buildupfast.com\/wp-content\/uploads\/2024\/11\/Android_IPTV-1.png\" class=\"attachment-large size-large wp-image-4950\" alt=\"\" \/>\t\t\t\t\t\t\t\t\t\t\t\t\t<\/div>\n\t\t\t\t<\/div>\n\t\t\t\t<div class=\"elementor-element elementor-element-f474bdc elementor-widget elementor-widget-image\" data-id=\"f474bdc\" data-element_type=\"widget\" data-widget_type=\"image.default\">\n\t\t\t\t<div class=\"elementor-widget-container\">\n\t\t\t\t\t\t\t\t\t\t\t\t\t<img loading=\"lazy\" decoding=\"async\" width=\"477\" height=\"120\" src=\"https:\/\/flixfr.buildupfast.com\/wp-content\/uploads\/2024\/11\/2.Microsoft_Windows-Logo-logo.png-1.webp\" class=\"attachment-large size-large wp-image-4951\" alt=\"\" srcset=\"https:\/\/flixfr.buildupfast.com\/wp-content\/uploads\/2024\/11\/2.Microsoft_Windows-Logo-logo.png-1.webp 477w, https:\/\/flixfr.buildupfast.com\/wp-content\/uploads\/2024\/11\/2.Microsoft_Windows-Logo-logo.png-1-300x75.webp 300w\" sizes=\"(max-width: 477px) 100vw, 477px\" \/>\t\t\t\t\t\t\t\t\t\t\t\t\t<\/div>\n\t\t\t\t<\/div>\n\t\t\t\t<div class=\"elementor-element elementor-element-77216d9 elementor-widget elementor-widget-image\" data-id=\"77216d9\" data-element_type=\"widget\" data-widget_type=\"image.default\">\n\t\t\t\t<div class=\"elementor-widget-container\">\n\t\t\t\t\t\t\t\t\t\t\t\t\t<img loading=\"lazy\" decoding=\"async\" width=\"242\" height=\"120\" src=\"https:\/\/flixfr.buildupfast.com\/wp-content\/uploads\/2024\/11\/Apple-TV-logo.png-1.webp\" class=\"attachment-large size-large wp-image-4952\" alt=\"\" \/>\t\t\t\t\t\t\t\t\t\t\t\t\t<\/div>\n\t\t\t\t<\/div>\n\t\t\t\t<\/div>\n\t\t\t\t<\/div>\n\t\t\t\t\t<\/div>\n\t\t\t\t<\/div>\n\t\t<div data-particle_enable=\"false\" data-particle-mobile-disabled=\"false\" class=\"elementor-element elementor-element-7f9d3ed e-flex e-con-boxed wpr-particle-no wpr-jarallax-no wpr-parallax-no wpr-sticky-section-no e-con e-parent\" data-id=\"7f9d3ed\" data-element_type=\"container\" data-settings=\"{&quot;background_background&quot;:&quot;gradient&quot;}\">\n\t\t\t\t\t<div class=\"e-con-inner\">\n\t\t<div data-particle_enable=\"false\" data-particle-mobile-disabled=\"false\" class=\"elementor-element elementor-element-c0c7a21 e-grid e-con-full wpr-particle-no wpr-jarallax-no wpr-parallax-no wpr-sticky-section-no e-con e-child\" data-id=\"c0c7a21\" data-element_type=\"container\">\n\t\t\t\t<div class=\"elementor-element elementor-element-b28a151 elementor-widget elementor-widget-counter\" data-id=\"b28a151\" data-element_type=\"widget\" data-widget_type=\"counter.default\">\n\t\t\t\t<div class=\"elementor-widget-container\">\n\t\t\t\t\t<div class=\"elementor-counter\">\n\t\t\t<div class=\"elementor-counter-title\">Clients satisfaits<\/div>\t\t\t<div class=\"elementor-counter-number-wrapper\">\n\t\t\t\t<span class=\"elementor-counter-number-prefix\"><\/span>\n\t\t\t\t<span class=\"elementor-counter-number\" data-duration=\"2000\" data-to-value=\"100\" data-from-value=\"0\" data-delimiter=\",\">0<\/span>\n\t\t\t\t<span class=\"elementor-counter-number-suffix\">K+<\/span>\n\t\t\t<\/div>\n\t\t<\/div>\n\t\t\t\t<\/div>\n\t\t\t\t<\/div>\n\t\t\t\t<div class=\"elementor-element elementor-element-212f3ea elementor-widget elementor-widget-counter\" data-id=\"212f3ea\" data-element_type=\"widget\" data-widget_type=\"counter.default\">\n\t\t\t\t<div class=\"elementor-widget-container\">\n\t\t\t\t\t<div class=\"elementor-counter\">\n\t\t\t<div class=\"elementor-counter-title\">Revendeurs<\/div>\t\t\t<div class=\"elementor-counter-number-wrapper\">\n\t\t\t\t<span class=\"elementor-counter-number-prefix\"><\/span>\n\t\t\t\t<span class=\"elementor-counter-number\" data-duration=\"2000\" data-to-value=\"1000\" data-from-value=\"0\" data-delimiter=\",\">0<\/span>\n\t\t\t\t<span class=\"elementor-counter-number-suffix\">+<\/span>\n\t\t\t<\/div>\n\t\t<\/div>\n\t\t\t\t<\/div>\n\t\t\t\t<\/div>\n\t\t\t\t<div class=\"elementor-element elementor-element-5c6e7f9 elementor-widget elementor-widget-counter\" data-id=\"5c6e7f9\" data-element_type=\"widget\" data-widget_type=\"counter.default\">\n\t\t\t\t<div class=\"elementor-widget-container\">\n\t\t\t\t\t<div class=\"elementor-counter\">\n\t\t\t<div class=\"elementor-counter-title\">\u00c9valuations des clients<\/div>\t\t\t<div class=\"elementor-counter-number-wrapper\">\n\t\t\t\t<span class=\"elementor-counter-number-prefix\"><\/span>\n\t\t\t\t<span class=\"elementor-counter-number\" data-duration=\"2000\" data-to-value=\"4.7\" data-from-value=\"0\" data-delimiter=\",\">0<\/span>\n\t\t\t\t<span class=\"elementor-counter-number-suffix\"><\/span>\n\t\t\t<\/div>\n\t\t<\/div>\n\t\t\t\t<\/div>\n\t\t\t\t<\/div>\n\t\t\t\t<div class=\"elementor-element elementor-element-3292fe9 elementor-widget elementor-widget-counter\" data-id=\"3292fe9\" data-element_type=\"widget\" data-widget_type=\"counter.default\">\n\t\t\t\t<div class=\"elementor-widget-container\">\n\t\t\t\t\t<div class=\"elementor-counter\">\n\t\t\t<div class=\"elementor-counter-title\">Ann\u00e9es d'activit\u00e9<\/div>\t\t\t<div class=\"elementor-counter-number-wrapper\">\n\t\t\t\t<span class=\"elementor-counter-number-prefix\"><\/span>\n\t\t\t\t<span class=\"elementor-counter-number\" data-duration=\"2000\" data-to-value=\"5\" data-from-value=\"0\" data-delimiter=\",\">0<\/span>\n\t\t\t\t<span class=\"elementor-counter-number-suffix\">+<\/span>\n\t\t\t<\/div>\n\t\t<\/div>\n\t\t\t\t<\/div>\n\t\t\t\t<\/div>\n\t\t\t\t<\/div>\n\t\t\t\t\t<\/div>\n\t\t\t\t<\/div>\n\t\t\t\t<\/div>","protected":false},"excerpt":{"rendered":"<p>D\u00e9couvrez Flix IPTV : Qui sommes-nous ? \u00c0 propos de nous : Flix IPTV Bienvenue chez Flix IPTV, votre destination pour un streaming IPTV fluide et de qualit\u00e9. Profitez d\u2019une exp\u00e9rience de visionnage exceptionnelle adapt\u00e9e \u00e0 tous vos besoins. Qui sommes-nous ? Flix IPTV : R\u00e9inventez votre fa\u00e7on de regarder la t\u00e9l\u00e9vision Flix IPTV, cr\u00e9\u00e9 en 2018 par des passionn\u00e9s de divertissement, offre des services IPTV de qualit\u00e9 exceptionnelle \u00e0 des clients dans le monde entier. Avec plus de 100 000 abonn\u00e9s satisfaits, nous proposons des flux fiables pour la t\u00e9l\u00e9vision en direct, des catalogues \u00e0 la demande et du contenu international sur tous vos appareils connect\u00e9s. Notre mission : rendre l\u2019abonnement IPTV accessible, simple et personnalis\u00e9 gr\u00e2ce aux derni\u00e8res technologies de streaming. Flix IPTV, la solution id\u00e9ale pour une exp\u00e9rience t\u00e9l\u00e9visuelle unique et abordable. D\u00e9couvrez nos tarifs Rejoignez plus de 100,000 clients satisfaits. Clients satisfaits 0 K+ Revendeurs 0 + \u00c9valuations des clients 0 Ann\u00e9es d&rsquo;activit\u00e9 0 +<\/p>","protected":false},"author":1,"featured_media":0,"parent":0,"menu_order":0,"comment_status":"closed","ping_status":"closed","template":"elementor_header_footer","meta":{"site-sidebar-layout":"no-sidebar","site-content-layout":"","ast-site-content-layout":"full-width-container","site-content-style":"default","site-sidebar-style":"default","ast-global-header-display":"","ast-banner-title-visibility":"","ast-main-header-display":"","ast-hfb-above-header-display":"","ast-hfb-below-header-display":"","ast-hfb-mobile-header-display":"","site-post-title":"disabled","ast-breadcrumbs-content":"","ast-featured-img":"disabled","footer-sml-layout":"","ast-disable-related-posts":"","theme-transparent-header-meta":"","adv-header-id-meta":"","stick-header-meta":"","header-above-stick-meta":"","header-main-stick-meta":"","header-below-stick-meta":"","astra-migrate-meta-layouts":"default","ast-page-background-enabled":"default","ast-page-background-meta":{"desktop":{"background-color":"var(--ast-global-color-4)","background-image":"","background-repeat":"repeat","background-position":"center center","background-size":"auto","background-attachment":"scroll","background-type":"","background-media":"","overlay-type":"","overlay-color":"","overlay-opacity":"","overlay-gradient":""},"tablet":{"background-color":"","background-image":"","background-repeat":"repeat","background-position":"center center","background-size":"auto","background-attachment":"scroll","background-type":"","background-media":"","overlay-type":"","overlay-color":"","overlay-opacity":"","overlay-gradient":""},"mobile":{"background-color":"","background-image":"","background-repeat":"repeat","background-position":"center center","background-size":"auto","background-attachment":"scroll","background-type":"","background-media":"","overlay-type":"","overlay-color":"","overlay-opacity":"","overlay-gradient":""}},"ast-content-background-meta":{"desktop":{"background-color":"var(--ast-global-color-5)","background-image":"","background-repeat":"repeat","background-position":"center center","background-size":"auto","background-attachment":"scroll","background-type":"","background-media":"","overlay-type":"","overlay-color":"","overlay-opacity":"","overlay-gradient":""},"tablet":{"background-color":"var(--ast-global-color-5)","background-image":"","background-repeat":"repeat","background-position":"center center","background-size":"auto","background-attachment":"scroll","background-type":"","background-media":"","overlay-type":"","overlay-color":"","overlay-opacity":"","overlay-gradient":""},"mobile":{"background-color":"var(--ast-global-color-5)","background-image":"","background-repeat":"repeat","background-position":"center center","background-size":"auto","background-attachment":"scroll","background-type":"","background-media":"","overlay-type":"","overlay-color":"","overlay-opacity":"","overlay-gradient":""}},"footnotes":""},"class_list":["post-4601","page","type-page","status-publish","hentry"],"_links":{"self":[{"href":"https:\/\/flixfr.buildupfast.com\/de\/wp-json\/wp\/v2\/pages\/4601","targetHints":{"allow":["GET"]}}],"collection":[{"href":"https:\/\/flixfr.buildupfast.com\/de\/wp-json\/wp\/v2\/pages"}],"about":[{"href":"https:\/\/flixfr.buildupfast.com\/de\/wp-json\/wp\/v2\/types\/page"}],"author":[{"embeddable":true,"href":"https:\/\/flixfr.buildupfast.com\/de\/wp-json\/wp\/v2\/users\/1"}],"replies":[{"embeddable":true,"href":"https:\/\/flixfr.buildupfast.com\/de\/wp-json\/wp\/v2\/comments?post=4601"}],"version-history":[{"count":56,"href":"https:\/\/flixfr.buildupfast.com\/de\/wp-json\/wp\/v2\/pages\/4601\/revisions"}],"predecessor-version":[{"id":5097,"href":"https:\/\/flixfr.buildupfast.com\/de\/wp-json\/wp\/v2\/pages\/4601\/revisions\/5097"}],"wp:attachment":[{"href":"https:\/\/flixfr.buildupfast.com\/de\/wp-json\/wp\/v2\/media?parent=4601"}],"curies":[{"name":"wp","href":"https:\/\/api.w.org\/{rel}","templated":true}]}}